{"id":175,"date":"2018-11-22T21:52:03","date_gmt":"2018-11-22T21:52:03","guid":{"rendered":"http:\/\/filemanager.mx\/?page_id=175"},"modified":"2024-01-16T23:09:59","modified_gmt":"2024-01-16T23:09:59","slug":"la-empresa","status":"publish","type":"page","link":"https:\/\/filemanager.mx\/index.php\/la-empresa\/","title":{"rendered":"La Empresa"},"content":{"rendered":"<div data-colibri-id=\"175-c1\" class=\"style-430 style-local-175-c1 position-relative\">\n  <!---->\n  <div data-colibri-component=\"section\" data-colibri-id=\"175-c2\" id=\"content\" class=\"h-section h-section-global-spacing d-flex align-items-lg-center align-items-md-center align-items-center style-443 style-local-175-c2 position-relative\">\n    <!---->\n    <!---->\n    <div class=\"h-section-grid-container h-section-fluid-container\">\n      <!---->\n      <div data-colibri-id=\"175-c3\" class=\"h-row-container gutters-row-lg-0 gutters-row-md-0 gutters-row-2 gutters-row-v-lg-0 gutters-row-v-md-0 gutters-row-v-2 style-444 style-local-175-c3 position-relative\">\n        <!---->\n        <div class=\"h-row justify-content-lg-center justify-content-md-center justify-content-center align-items-lg-stretch align-items-md-stretch align-items-stretch gutters-col-lg-0 gutters-col-md-0 gutters-col-2 gutters-col-v-lg-0 gutters-col-v-md-0 gutters-col-v-2\">\n          <!---->\n          <div class=\"h-column h-column-container d-flex h-col-lg-auto h-col-md-auto h-col-auto style-445-outer style-local-175-c4-outer\">\n            <div data-colibri-id=\"175-c4\" class=\"d-flex h-flex-basis h-column__inner h-px-lg-0 h-px-md-0 h-px-0 v-inner-lg-0 v-inner-md-0 v-inner-0 style-445 style-local-175-c4 position-relative\">\n              <!---->\n              <!---->\n              <div class=\"w-100 h-y-container h-column__content h-column__v-align flex-basis-100 align-self-lg-start align-self-md-start align-self-start\">\n                <!---->\n                <div data-colibri-id=\"175-c5\" class=\"h-global-transition-all h-heading style-682 style-local-175-c5 position-relative h-element\">\n                  <!---->\n                  <div class=\"h-heading__outer style-682 style-local-175-c5\">\n                    <!---->\n                    <!---->\n                    <h3 class=\"\">HISTORIA<\/h3>\n                  <\/div>\n                <\/div>\n                <div data-colibri-id=\"175-c6\" class=\"h-text h-text-component style-680 style-local-175-c6 position-relative h-element\">\n                  <!---->\n                  <!---->\n                  <div class=\"\">\n                    <p>Fundada en 2008 y establecida en el municipio de Tlalnepantla de Baz, Estado de M\u00e9xico en 2009, con la infraestructura y espacios adecuados para satisfacer las necesidades de los clientes en materia de gesti\u00f3n documental y seguridad\n                      de sus archivos.<\/p>\n                    <p>Se inici\u00f3 con el nombre comercial de ERAA (Especialistas en Resguardo y Administraci\u00f3n de Archivos); en 2012 se efectu\u00f3 una reingenier\u00eda al negocio y renovaci\u00f3n a la estrategia comercial con un nuevo y actual nombre comercial de FILE\n                      MANAGER, incorporando nuevos servicios como digitalizaci\u00f3n, destrucci\u00f3n segura y captura de datos, acumulando actualmente 15 a\u00f1os interrumpidos de servicio.<\/p>\n                  <\/div>\n                <\/div>\n                <div data-colibri-id=\"175-c7\" class=\"h-global-transition-all h-heading style-446 style-local-175-c7 position-relative h-element\">\n                  <!---->\n                  <div class=\"h-heading__outer style-446 style-local-175-c7\">\n                    <!---->\n                    <!---->\n                    <h3 class=\"\">POL\u00cdTICA DE CALIDAD<\/h3>\n                  <\/div>\n                <\/div>\n                <div data-colibri-id=\"175-c8\" class=\"h-text h-text-component style-448 style-local-175-c8 position-relative h-element\">\n                  <!---->\n                  <!---->\n                  <div class=\"\">\n                    <p>En <strong>File Manager<\/strong> (Almacenamiento de Documentos, S.A. de C.V.) estamos comprometidos con brindar un servicio de calidad de resguardo y administraci\u00f3n de la informaci\u00f3n, satisfaciendo las necesidades, expectativas y los\n                      requisitos aplicables de nuestras partes interesadas, ofreciendo <strong>resultados comprobables<\/strong> a trav\u00e9s de nuestro personal calificado y competente, quienes est\u00e1n enfocados al cumplimiento de los objetivos de calidad y\n                      siempre encaminados a la mejora continua bajo los lineamientos de la norma <strong>ISO 9001:2015<\/strong>.<\/p>\n                  <\/div>\n                <\/div>\n                <div data-colibri-id=\"175-c9\" class=\"h-row-container gutters-row-lg-2 gutters-row-md-2 gutters-row-0 gutters-row-v-lg-2 gutters-row-v-md-2 gutters-row-v-0 style-449 style-local-175-c9 position-relative\">\n                  <!---->\n                  <div class=\"h-row justify-content-lg-center justify-content-md-center justify-content-center align-items-lg-stretch align-items-md-stretch align-items-stretch gutters-col-lg-2 gutters-col-md-2 gutters-col-0 gutters-col-v-lg-2 gutters-col-v-md-2 gutters-col-v-0\">\n                    <!---->\n                    <div class=\"h-column h-column-container d-flex h-col-lg-6 h-col-md-6 h-col-6 style-450-outer style-local-175-c10-outer\">\n                      <div data-colibri-id=\"175-c10\" class=\"d-flex h-flex-basis h-column__inner h-px-lg-0 h-px-md-0 h-px-0 v-inner-lg-0 v-inner-md-0 v-inner-0 style-450 style-local-175-c10 position-relative\">\n                        <!---->\n                        <!---->\n                        <div class=\"w-100 h-y-container h-column__content h-column__v-align flex-basis-100 align-self-lg-start align-self-md-start align-self-start\">\n                          <!---->\n                          <div data-colibri-id=\"175-c11\" class=\"h-global-transition-all h-heading style-451 style-local-175-c11 position-relative h-element\">\n                            <!---->\n                            <div class=\"h-heading__outer style-451 style-local-175-c11\">\n                              <!---->\n                              <!---->\n                              <h4 class=\"\">MISI\u00d3N<\/h4>\n                            <\/div>\n                          <\/div>\n                          <div data-colibri-id=\"175-c12\" class=\"h-text h-text-component style-452 style-local-175-c12 position-relative h-element\">\n                            <!---->\n                            <!---->\n                            <div class=\"\">\n                              <p>Brindar soluciones espec\u00edficas para el resguardo, digitalizaci\u00f3n, administraci\u00f3n o cualquier gesti\u00f3n de archivos, garantizando soluciones de calidad al trav\u00e9s de sistemas integrales, facilitando la continuidad del negocio\n                                y satisfaciendo las necesidades de nuestros clientes.<\/p>\n                            <\/div>\n                          <\/div>\n                        <\/div>\n                      <\/div>\n                    <\/div>\n                    <div class=\"h-column h-column-container d-flex h-col-lg-6 h-col-md-6 h-col-6 style-450-outer style-local-175-c13-outer\">\n                      <div data-colibri-id=\"175-c13\" class=\"d-flex h-flex-basis h-column__inner h-px-lg-0 h-px-md-0 h-px-0 v-inner-lg-0 v-inner-md-0 v-inner-0 style-450 style-local-175-c13 position-relative\">\n                        <!---->\n                        <!---->\n                        <div class=\"w-100 h-y-container h-column__content h-column__v-align flex-basis-100 align-self-lg-start align-self-md-start align-self-start\">\n                          <!---->\n                          <div data-colibri-id=\"175-c14\" class=\"h-global-transition-all h-heading style-451 style-local-175-c14 position-relative h-element\">\n                            <!---->\n                            <div class=\"h-heading__outer style-451 style-local-175-c14\">\n                              <!---->\n                              <!---->\n                              <h4 class=\"\">VISI\u00d3N<\/h4>\n                            <\/div>\n                          <\/div>\n                          <div data-colibri-id=\"175-c15\" class=\"h-text h-text-component style-452 style-local-175-c15 position-relative h-element\">\n                            <!---->\n                            <!---->\n                            <div class=\"\">\n                              <p>Ser una empresa reconocida a nivel nacional que ofrezca un servicio personalizado de seguridad de la informaci\u00f3n a trav\u00e9s de personal calificado, con rigurosos est\u00e1ndares y atenci\u00f3n inmediata apoyada de un sistema de gesti\u00f3n\n                                de calidad para satisfacer las necesidades de los clientes, bajo un contexto de ganar-ganar.<\/p>\n                            <\/div>\n                          <\/div>\n                        <\/div>\n                      <\/div>\n                    <\/div>\n                    <div class=\"h-column h-column-container d-flex h-col-lg-6 h-col-md-6 h-col-6 style-450-outer style-local-175-c16-outer\">\n                      <div data-colibri-id=\"175-c16\" class=\"d-flex h-flex-basis h-column__inner h-px-lg-0 h-px-md-0 h-px-0 v-inner-lg-0 v-inner-md-0 v-inner-0 style-450 style-local-175-c16 position-relative\">\n                        <!---->\n                        <!---->\n                        <div class=\"w-100 h-y-container h-column__content h-column__v-align flex-basis-100 align-self-lg-start align-self-md-start align-self-start\">\n                          <!---->\n                          <div data-colibri-id=\"175-c17\" class=\"h-global-transition-all h-heading style-451 style-local-175-c17 position-relative h-element\">\n                            <!---->\n                            <div class=\"h-heading__outer style-451 style-local-175-c17\">\n                              <!---->\n                              <!---->\n                              <h4 class=\"\">VALORES<\/h4>\n                            <\/div>\n                          <\/div>\n                          <div data-colibri-id=\"175-c18\" class=\"h-text h-text-component style-452 style-local-175-c18 position-relative h-element\">\n                            <!---->\n                            <!---->\n                            <div class=\"\">\n                              <ul>\n                                <li>Responsabilidad<\/li>\n                                <li>Compromiso<\/li>\n                                <li>Honestidad<\/li>\n                                <li>Lealtad<\/li>\n                              <\/ul>\n                            <\/div>\n                          <\/div>\n                        <\/div>\n                      <\/div>\n                    <\/div>\n                    <div class=\"h-column h-column-container d-flex h-col-lg-6 h-col-md-6 h-col-6 style-684-outer style-local-175-c19-outer\">\n                      <div data-colibri-id=\"175-c19\" class=\"d-flex h-flex-basis h-column__inner h-ui-empty-state-container h-px-lg-0 h-px-md-0 h-px-0 v-inner-lg-0 v-inner-md-0 v-inner-0 style-684 style-local-175-c19 position-relative\">\n                        <!---->\n                        <!---->\n                        <div class=\"w-100 h-y-container h-column__content h-column__v-align flex-basis-100\">\n                          <!---->\n                        <\/div>\n                      <\/div>\n                    <\/div>\n                  <\/div>\n                <\/div>\n              <\/div>\n            <\/div>\n          <\/div>\n          <div class=\"h-column h-column-container d-flex h-col-lg-auto h-col-md-auto h-col-auto style-453-outer style-local-175-c20-outer\">\n            <div data-colibri-id=\"175-c20\" class=\"d-flex h-flex-basis h-column__inner h-ui-empty-state-container h-px-lg-0 h-px-md-0 h-px-0 v-inner-lg-0 v-inner-md-0 v-inner-0 style-453 style-local-175-c20 position-relative\">\n              <!---->\n              <!---->\n              <div class=\"w-100 h-y-container h-column__content h-column__v-align flex-basis-100\">\n                <!---->\n              <\/div>\n            <\/div>\n          <\/div>\n        <\/div>\n      <\/div>\n    <\/div>\n  <\/div>\n  <div data-colibri-component=\"section\" data-colibri-id=\"175-c21\" id=\"content-2\" class=\"h-section h-section-global-spacing d-flex align-items-lg-center align-items-md-center align-items-center style-454 style-local-175-c21 position-relative\">\n    <!---->\n    <!---->\n    <div class=\"h-section-grid-container h-section-boxed-container\">\n      <!---->\n      <div data-colibri-id=\"175-c22\" class=\"h-row-container gutters-row-lg-2 gutters-row-md-2 gutters-row-2 gutters-row-v-lg-2 gutters-row-v-md-2 gutters-row-v-2 style-455 style-local-175-c22 position-relative\">\n        <!---->\n        <div class=\"h-row justify-content-lg-center justify-content-md-center justify-content-center align-items-lg-stretch align-items-md-stretch align-items-stretch gutters-col-lg-2 gutters-col-md-2 gutters-col-2 gutters-col-v-lg-2 gutters-col-v-md-2 gutters-col-v-2\">\n          <!---->\n          <div class=\"h-column h-column-container d-flex h-col-lg-auto h-col-md-auto h-col-auto style-456-outer style-local-175-c23-outer\">\n            <div data-colibri-id=\"175-c23\" class=\"d-flex h-flex-basis h-column__inner h-px-lg-0 h-px-md-2 h-px-0 v-inner-lg-0 v-inner-md-2 v-inner-0 style-456 style-local-175-c23 position-relative\">\n              <!---->\n              <!---->\n              <div class=\"w-100 h-y-container h-column__content h-column__v-align flex-basis-100 align-self-lg-start align-self-md-start align-self-start\">\n                <!---->\n                <div data-colibri-id=\"175-c24\" class=\"d-block style-457 style-local-175-c24 position-relative h-element\">\n                  <!---->\n                  <div class=\"h-image__frame-container-outer\">\n                    <div class=\"h-image__frame-container\">\n                      <!---->\n                      <!---->\n                      <img decoding=\"async\" src=\"https:\/\/filemanager.mx\/wp-content\/uploads\/2024\/01\/cropped-cropped-CERTIFICADO-ISO-SGC-193-2018-2023-e1704821791672.jpg\" class=\"wp-image-1327 style-457-image style-local-175-c24-image\" alt=\"\" \/>\n                      <div class=\"h-image__frame h-hide-sm style-457-frameImage style-local-175-c24-frameImage\"><\/div>\n                    <\/div>\n                  <\/div>\n                <\/div>\n              <\/div>\n            <\/div>\n          <\/div>\n          <div class=\"h-column h-column-container d-flex h-col-lg-auto h-col-md-auto h-col-auto style-458-outer style-local-175-c25-outer\">\n            <div data-colibri-id=\"175-c25\" class=\"d-flex h-flex-basis h-column__inner h-px-lg-0 h-px-md-0 h-px-2 v-inner-lg-0 v-inner-md-0 v-inner-2 style-458 style-local-175-c25 position-relative\">\n              <!---->\n              <!---->\n              <div class=\"w-100 h-y-container h-column__content h-column__v-align flex-basis-100 align-self-lg-center align-self-md-center align-self-center\">\n                <!---->\n                <div data-colibri-id=\"175-c26\" class=\"h-global-transition-all h-heading style-459 style-local-175-c26 position-relative h-element\">\n                  <!---->\n                  <div class=\"h-heading__outer style-459 style-local-175-c26\">\n                    <!---->\n                    <!---->\n                    <h3 class=\"\">ISO 9001 : 2015<\/h3>\n                  <\/div>\n                <\/div>\n                <div data-colibri-id=\"175-c27\" class=\"h-text h-text-component style-460 style-local-175-c27 position-relative h-element\">\n                  <!---->\n                  <!---->\n                  <div class=\"\">\n                    <p>No. Certificado: SGC-193-2018<\/p>\n                    <p>Procesos han sido certificados por el Organismo de Certificaci\u00f3n de Sistemas de Gesti\u00f3n AUDAMEX Auditores Asociados de M\u00e9xico, S.C.<\/p>\n                    <ul>\n                      <li>Digitalizaci\u00f3n<\/li>\n                      <li>Mesa de Control<\/li>\n                      <li>Resguardo<\/li>\n                      <li>Atenci\u00f3n a Clientes<\/li>\n                      <li>Transportaci\u00f3n<\/li>\n                      <li>Ventas<\/li>\n                      <li>Administraci\u00f3n<\/li>\n                      <li>Calidad<\/li>\n                    <\/ul>\n                    <p>El alcance de la certificaci\u00f3n aplica a servicios de gesti\u00f3n documental que consta del <strong>resguardo, digitalizaci\u00f3n, organizaci\u00f3n, depuraci\u00f3n y administraci\u00f3n<\/strong> de todo tipo de informaci\u00f3n generada en archivos f\u00edsicos y\n                      digitales para el sector p\u00fablico y privado.<\/p>\n                  <\/div>\n                <\/div>\n              <\/div>\n            <\/div>\n          <\/div>\n        <\/div>\n      <\/div>\n    <\/div>\n  <\/div>\n<\/div>","protected":false},"excerpt":{"rendered":"<p>HISTORIA Fundada en 2008 y establecida en el municipio de Tlalnepantla de Baz, Estado de M\u00e9xico en 2009, con la infraestructura y espacios adecuados para satisfacer las necesidades de los clientes en materia de gesti\u00f3n documental y seguridad de sus archivos. Se inici\u00f3 con el nombre comercial de ERAA (Especialistas en Resguardo y Administraci\u00f3n de [&hellip;]<\/p>\n","protected":false},"author":2,"featured_media":0,"parent":0,"menu_order":0,"comment_status":"closed","ping_status":"closed","template":"page-templates\/full-width-page.php","meta":{"_joinchat":[],"footnotes":""},"class_list":["post-175","page","type-page","status-publish","hentry"],"_links":{"self":[{"href":"https:\/\/filemanager.mx\/index.php\/wp-json\/wp\/v2\/pages\/175","targetHints":{"allow":["GET"]}}],"collection":[{"href":"https:\/\/filemanager.mx\/index.php\/wp-json\/wp\/v2\/pages"}],"about":[{"href":"https:\/\/filemanager.mx\/index.php\/wp-json\/wp\/v2\/types\/page"}],"author":[{"embeddable":true,"href":"https:\/\/filemanager.mx\/index.php\/wp-json\/wp\/v2\/users\/2"}],"replies":[{"embeddable":true,"href":"https:\/\/filemanager.mx\/index.php\/wp-json\/wp\/v2\/comments?post=175"}],"version-history":[{"count":19,"href":"https:\/\/filemanager.mx\/index.php\/wp-json\/wp\/v2\/pages\/175\/revisions"}],"predecessor-version":[{"id":1475,"href":"https:\/\/filemanager.mx\/index.php\/wp-json\/wp\/v2\/pages\/175\/revisions\/1475"}],"wp:attachment":[{"href":"https:\/\/filemanager.mx\/index.php\/wp-json\/wp\/v2\/media?parent=175"}],"curies":[{"name":"wp","href":"https:\/\/api.w.org\/{rel}","templated":true}]}}