{"id":246,"date":"2019-02-25T22:55:21","date_gmt":"2019-02-25T22:55:21","guid":{"rendered":"http:\/\/filemanager.mx\/?page_id=246"},"modified":"2019-02-25T22:55:21","modified_gmt":"2019-02-25T22:55:21","slug":"aviso-de-privacidad","status":"publish","type":"page","link":"https:\/\/filemanager.mx\/index.php\/aviso-de-privacidad\/","title":{"rendered":"Aviso de Privacidad"},"content":{"rendered":"<p>En <em>ALMACENAMIENTO DE DOCUMENTOS, S.A. DE C.V.<\/em>, con domicilio en Av. Industria No. 4,\u00a0 Los Reyes Iztacala, C.P.\u00a0 54075, en Tlalnepantla, Estado de M\u00e9xico, toda la informaci\u00f3n de nuestros clientes y clientes potenciales, es tratada de forma estrictamente confidencial y es muy importante, por lo que hacemos un esfuerzo permanente para salvaguardarla.<\/p>\n<p><strong>FINALIDAD Y TRANSFERENCIA DE DATOS DE LOS DATOS PERSONALES<\/strong><\/p>\n<p>M\u00e1s que una pol\u00edtica, en <em>ALMACENAMIENTO DE DOCUMENTOS, S.A. DE C.V.<\/em> tenemos la filosof\u00eda de mantener una relaci\u00f3n estrecha y activa con nuestros clientes. Al proporcionar sus datos personales, consiente su tratamiento en los Estados Unidos Mexicanos y entiende que podr\u00e1n ser tratados directa o indirectamente por <em>ALMACENAMIENTO DE DOCUMENTOS, S.A. DE C.V.<\/em>, sus sociedades subsidiarias, afiliadas o relacionadas y7o terceros proveedores de servicios, as\u00ed como en su caso autoridades competentes, con los siguientes fines:<\/p>\n<ul>\n<li>Proveerle de bienes y\/o servicios.<\/li>\n<li>Dar cumplimiento a cualquier requerimiento legal.<\/li>\n<li>Ofrecerle nuestros productos, servicios e informaci\u00f3n de nuestros socios de negocios.<\/li>\n<li>Mantener actualizados nuestros registros para poder responder a sus consultas y mantener comunicaci\u00f3n en general, as\u00ed como, dar seguimiento a nuestra relaci\u00f3n comercial.<\/li>\n<\/ul>\n<p>Para prevenir el acceso no autorizado a sus datos personales y con el fin de asegurar que la informaci\u00f3n sea utilizada para los fines establecidos en este aviso de privacidad, hemos establecido procedimientos f\u00edsicos, electr\u00f3nicos y administrativos, utilizando tecnolog\u00edas avanzadas que limitan el uso o divulgaci\u00f3n de sus datos, permiti\u00e9ndonos tratarlos con la debida privacidad.<\/p>\n<p><strong>SOLICITUD DE ACCESO, RECTIFICACI\u00d3N, CANCELACI\u00d3N U OPOSICI\u00d3N DE DATOS PERSONALES Y REVOCACION DEL CONSENTIMIENTO (SOLICITUD ARCO)<\/strong><\/p>\n<p>Todos sus datos personales son tratados de acuerdo a la legislaci\u00f3n aplicable y vigente en el pa\u00eds, por ello le informamos que usted tiene el derecho en todo momento, de acceder, rectificar, cancelar u oponerse al tratamiento que le damos a sus datos personales, as\u00ed como a revocar el consentimiento otorgado para el tratamiento de los mismos; derecho que podr\u00e1 hacer valer a trav\u00e9s de <em>ALMACENAMIENTO DE DOCUMENTOS, S.A. DE C.V.<\/em>, en los\u00a0 tel\u00e9fonos (55) 5390-2222 o por medio del correo electr\u00f3nico: <a href=\"mailto:clientes@filemanager.mx\">clientes@filemanager.mx<\/a><\/p>\n<p>A trav\u00e9s de estos canales usted podr\u00e1 actualizar sus datos y especificar el medio por el cual desea recibir informaci\u00f3n, ya que en caso de no contar con esta instrucci\u00f3n de su parte, <em>ALMACENAMIENTO DE DOCUMENTOS, S.A. DE C.V.<\/em> establecer\u00e1 el canal que considere pertinente para enviarle informaci\u00f3n.<\/p>\n<p>Asimismo, usted tiene derecho a iniciar un procedimiento de protecci\u00f3n de derechos ante el Instituto Federal de Acceso a la Informaci\u00f3n y Protecci\u00f3n de Datos (IFAI), siempre y cuando re\u00fana los requisitos se\u00f1alados en la legislaci\u00f3n aplicable y vigente y en cualquier, de los casos siguientes: (i) cuando <em>ALMACENAMIENTO DE DOCUMENTOS, S.A. DE C.V.<\/em> no responda a su Solicitud ARCO dentro de los 20 d\u00edas h\u00e1biles siguientes de haberla recibido; y (ii) dentro de los 15 d\u00edas h\u00e1biles siguientes de haber recibido una respuesta por parte de <em>ALMACENAMIENTO DE DOCUMENTOS, S.A. DE C.V.<\/em> pero \u00e9sta no cumpla con lo establecido en la legislaci\u00f3n aplicable y vigente en materia de protecci\u00f3n de datos personales.<\/p>\n<p>Este aviso de privacidad podr\u00e1 ser modificado de tiempo en tiempo por <em>ALMACENAMIENTO DE DOCUMENTOS, S.A. DE C.V.<\/em> Dichas modificaciones ser\u00e1 oportunamente informadas a trav\u00e9s de nuestra p\u00e1gina en internet, o cualquier otro medio de comunicaci\u00f3n que <em>ALMACENAMIENTO DE DOCUMENTOS, S.A. DE C.V.<\/em>\u00a0 considere apropiado.<\/p>\n","protected":false},"excerpt":{"rendered":"<p>En ALMACENAMIENTO DE DOCUMENTOS, S.A. DE C.V., con domicilio en Av. Industria No. 4,\u00a0 Los Reyes Iztacala, C.P.\u00a0 54075, en Tlalnepantla, Estado de M\u00e9xico, toda la informaci\u00f3n de nuestros clientes y clientes potenciales, es tratada de forma estrictamente confidencial y es muy importante, por lo que hacemos un esfuerzo permanente para salvaguardarla. FINALIDAD Y TRANSFERENCIA [&hellip;]<\/p>\n","protected":false},"author":2,"featured_media":0,"parent":0,"menu_order":0,"comment_status":"closed","ping_status":"closed","template":"","meta":{"_joinchat":[],"footnotes":""},"class_list":["post-246","page","type-page","status-publish","hentry"],"_links":{"self":[{"href":"https:\/\/filemanager.mx\/index.php\/wp-json\/wp\/v2\/pages\/246","targetHints":{"allow":["GET"]}}],"collection":[{"href":"https:\/\/filemanager.mx\/index.php\/wp-json\/wp\/v2\/pages"}],"about":[{"href":"https:\/\/filemanager.mx\/index.php\/wp-json\/wp\/v2\/types\/page"}],"author":[{"embeddable":true,"href":"https:\/\/filemanager.mx\/index.php\/wp-json\/wp\/v2\/users\/2"}],"replies":[{"embeddable":true,"href":"https:\/\/filemanager.mx\/index.php\/wp-json\/wp\/v2\/comments?post=246"}],"version-history":[{"count":1,"href":"https:\/\/filemanager.mx\/index.php\/wp-json\/wp\/v2\/pages\/246\/revisions"}],"predecessor-version":[{"id":247,"href":"https:\/\/filemanager.mx\/index.php\/wp-json\/wp\/v2\/pages\/246\/revisions\/247"}],"wp:attachment":[{"href":"https:\/\/filemanager.mx\/index.php\/wp-json\/wp\/v2\/media?parent=246"}],"curies":[{"name":"wp","href":"https:\/\/api.w.org\/{rel}","templated":true}]}}