{"id":41,"date":"2018-03-16T18:49:12","date_gmt":"2018-03-16T18:49:12","guid":{"rendered":"http:\/\/filemanager.mx\/?page_id=41"},"modified":"2026-02-04T17:10:19","modified_gmt":"2026-02-04T17:10:19","slug":"contacto","status":"publish","type":"page","link":"https:\/\/filemanager.mx\/index.php\/contacto\/","title":{"rendered":"Contacto"},"content":{"rendered":"<div data-colibri-id=\"41-c1\" class=\"style-410 style-local-41-c1 position-relative\">\r\n  <!---->\r\n  <div data-colibri-component=\"section\" data-colibri-id=\"41-c2\" id=\"blank\" class=\"h-section h-section-global-spacing d-flex align-items-lg-center align-items-md-center align-items-center style-493 style-local-41-c2 position-relative\">\r\n    <!---->\r\n    <!---->\r\n    <div class=\"h-section-grid-container h-section-boxed-container\">\r\n      <!---->\r\n      <div data-colibri-id=\"41-c3\" class=\"h-row-container gutters-row-lg-1 gutters-row-md-1 gutters-row-0 gutters-row-v-lg-1 gutters-row-v-md-1 gutters-row-v-1 style-494 style-local-41-c3 position-relative\">\r\n        <!---->\r\n        <div class=\"h-row justify-content-lg-center justify-content-md-center justify-content-center align-items-lg-stretch align-items-md-stretch align-items-stretch gutters-col-lg-1 gutters-col-md-1 gutters-col-0 gutters-col-v-lg-1 gutters-col-v-md-1 gutters-col-v-1\">\r\n          <!---->\r\n          <div class=\"h-column h-column-container d-flex h-col-lg-auto h-col-md-auto h-col-auto style-495-outer style-local-41-c4-outer\">\r\n            <div data-colibri-id=\"41-c4\" class=\"d-flex h-flex-basis h-column__inner h-px-lg-1 h-px-md-1 h-px-1 v-inner-lg-1 v-inner-md-1 v-inner-1 style-495 style-local-41-c4 position-relative\">\r\n              <!---->\r\n              <!---->\r\n              <div class=\"w-100 h-y-container h-column__content h-column__v-align flex-basis-100 align-self-lg-start align-self-md-start align-self-start\">\r\n                <!---->\r\n                <div data-colibri-id=\"41-c5\" class=\"h-global-transition-all h-heading style-501 style-local-41-c5 position-relative h-element\">\r\n                  <!---->\r\n                  <div class=\"h-heading__outer style-501 style-local-41-c5\">\r\n                    <!---->\r\n                    <!---->\r\n                    <h1 class=\"\">Podemos <strong>resolver<\/strong> sus&nbsp;necesidades\r\n                      <br>de <strong>administraci\u00f3n documental<\/strong>&nbsp;<\/h1>\r\n                  <\/div>\r\n                <\/div>\r\n              <\/div>\r\n            <\/div>\r\n          <\/div>\r\n        <\/div>\r\n      <\/div>\r\n      <div data-colibri-id=\"41-c6\" class=\"h-row-container gutters-row-lg-1 gutters-row-md-1 gutters-row-0 gutters-row-v-lg-1 gutters-row-v-md-1 gutters-row-v-1 style-504 style-local-41-c6 position-relative\">\r\n        <!---->\r\n        <div class=\"h-row justify-content-lg-center justify-content-md-center justify-content-center align-items-lg-stretch align-items-md-stretch align-items-stretch gutters-col-lg-1 gutters-col-md-1 gutters-col-0 gutters-col-v-lg-1 gutters-col-v-md-1 gutters-col-v-1\">\r\n          <!---->\r\n          <div class=\"h-column h-column-container d-flex h-col-lg-auto h-col-md-auto h-col-auto style-505-outer style-local-41-c7-outer\">\r\n            <div data-colibri-id=\"41-c7\" class=\"d-flex h-flex-basis h-column__inner h-px-lg-1 h-px-md-1 h-px-1 v-inner-lg-1 v-inner-md-1 v-inner-1 style-505 style-local-41-c7 position-relative\">\r\n              <!---->\r\n              <!---->\r\n              <div class=\"w-100 h-y-container h-column__content h-column__v-align flex-basis-100 align-self-lg-start align-self-md-start align-self-start\">\r\n                <!---->\r\n                <div data-colibri-id=\"41-c8\" class=\"h-text h-text-component style-503 style-local-41-c8 position-relative h-element\">\r\n                  <!---->\r\n                  <!---->\r\n                  <div class=\"\">\r\n                    <p><strong>Perm\u00edtanos brindarle una propuesta a la medida de sus requerimientos<\/strong><\/p>\r\n                  <\/div>\r\n                <\/div>\r\n              <\/div>\r\n            <\/div>\r\n          <\/div>\r\n        <\/div>\r\n      <\/div>\r\n    <\/div>\r\n  <\/div>\r\n  <div data-colibri-component=\"section\" data-colibri-id=\"41-c13\" id=\"contact\" class=\"h-section h-section-global-spacing d-flex align-items-lg-center align-items-md-center align-items-center style-415 style-local-41-c13 position-relative\">\r\n    <div class=\"background-wrapper\">\r\n      <div class=\"background-layer background-layer-media-container-lg\">\r\n        <!---->\r\n        <div class=\"overlay-layer\">\r\n          <div class=\"overlay-image-layer\" style=\"background-color: rgb(0, 0, 0); opacity: 0.5;\"><\/div>\r\n        <\/div>\r\n      <\/div>\r\n      <div class=\"background-layer background-layer-media-container-md\">\r\n        <!---->\r\n        <div class=\"overlay-layer\">\r\n          <div class=\"overlay-image-layer\" style=\"background-color: rgb(0, 0, 0); opacity: 0.5;\"><\/div>\r\n        <\/div>\r\n      <\/div>\r\n      <div class=\"background-layer background-layer-media-container\">\r\n        <!---->\r\n        <div class=\"overlay-layer\">\r\n          <div class=\"overlay-image-layer\" style=\"background-color: rgb(0, 0, 0); opacity: 0.5;\"><\/div>\r\n        <\/div>\r\n      <\/div>\r\n    <\/div>\r\n    <!---->\r\n    <div class=\"h-section-grid-container h-section-boxed-container\">\r\n      <!---->\r\n      <div data-colibri-id=\"41-c14\" class=\"h-row-container gutters-row-lg-2 gutters-row-md-2 gutters-row-2 gutters-row-v-lg-2 gutters-row-v-md-2 gutters-row-v-2 style-416 style-local-41-c14 position-relative\">\r\n        <!---->\r\n        <div class=\"h-row justify-content-lg-center justify-content-md-center justify-content-center align-items-lg-stretch align-items-md-stretch align-items-stretch gutters-col-lg-2 gutters-col-md-2 gutters-col-2 gutters-col-v-lg-2 gutters-col-v-md-2 gutters-col-v-2\">\r\n          <!---->\r\n          <div class=\"h-column h-column-container d-flex h-col-lg-auto h-col-md-auto h-col-auto style-417-outer style-local-41-c15-outer\">\r\n            <div data-colibri-id=\"41-c15\" class=\"d-flex h-flex-basis h-column__inner h-px-lg-0 h-px-md-0 h-px-0 v-inner-lg-0 v-inner-md-0 v-inner-0 style-417 style-local-41-c15 position-relative\">\r\n              <!---->\r\n              <!---->\r\n              <div class=\"w-100 h-y-container h-column__content h-column__v-align flex-basis-100 align-self-lg-start align-self-md-start align-self-start\">\r\n                <!---->\r\n                <div data-colibri-id=\"41-c16\" class=\"h-row-container gutters-row-lg-0 gutters-row-md-0 gutters-row-0 gutters-row-v-lg-0 gutters-row-v-md-0 gutters-row-v-0 style-418 style-local-41-c16 position-relative\">\r\n                  <!---->\r\n                  <div class=\"h-row justify-content-lg-center justify-content-md-center justify-content-center align-items-lg-stretch align-items-md-stretch align-items-stretch gutters-col-lg-0 gutters-col-md-0 gutters-col-0 gutters-col-v-lg-0 gutters-col-v-md-0 gutters-col-v-0\">\r\n                    <!---->\r\n                    <div class=\"h-column h-column-container d-flex h-col-lg-auto h-col-md-auto h-col-auto style-419-outer style-local-41-c17-outer\">\r\n                      <div data-colibri-id=\"41-c17\" class=\"d-flex h-flex-basis h-column__inner h-px-lg-0 h-px-md-0 h-px-0 v-inner-lg-0 v-inner-md-0 v-inner-0 style-419 style-local-41-c17 position-relative\">\r\n                        <!---->\r\n                        <!---->\r\n                        <div class=\"w-100 h-y-container h-column__content h-column__v-align flex-basis-100 align-self-lg-center align-self-md-center align-self-center\">\r\n                          <!---->\r\n                          <div data-colibri-id=\"41-c18\" class=\"h-global-transition-all h-heading style-420 style-local-41-c18 position-relative h-element\">\r\n                            <!---->\r\n                            <div class=\"h-heading__outer style-420 style-local-41-c18\">\r\n                              <!---->\r\n                              <!---->\r\n                              <h4 class=\"\">Cont\u00c1ctenos<\/h4>\r\n                            <\/div>\r\n                          <\/div>\r\n                          <div data-colibri-id=\"41-c19\" class=\"h-icon style-421 style-local-41-c19 position-relative h-element\">\r\n                            <!---->\r\n                            <a href=\"fmdigital@filemanager.mx\" h-use-smooth-scroll=\"true\"><span class=\"h-svg-icon h-icon__icon style-421-icon style-local-41-c19-icon\"><!--Icon by Font Awesome (https:\/\/fontawesome.com)-->\r\n    <svg version=\"1.1\" xmlns=\"http:\/\/www.w3.org\/2000\/svg\" xmlns:xlink=\"http:\/\/www.w3.org\/1999\/xlink\" id=\"envelope-o\" viewBox=\"0 0 1792 1896.0833\">\r\n      <path d=\"M1664 1504V736q-32 36-69 66-268 206-426 338-51 43-83 67t-86.5 48.5T897 1280h-2q-48 0-102.5-24.5T706 1207t-83-67q-158-132-426-338-37-30-69-66v768q0 13 9.5 22.5t22.5 9.5h1472q13 0 22.5-9.5t9.5-22.5zm0-1051v-24.5l-.5-13-3-12.5-5.5-9-9-7.5-14-2.5H160q-13 0-22.5 9.5T128 416q0 168 147 284 193 152 401 317 6 5 35 29.5t46 37.5 44.5 31.5T852 1143t43 9h2q20 0 43-9t50.5-27.5 44.5-31.5 46-37.5 35-29.5q208-165 401-317 54-43 100.5-115.5T1664 453zm128-37v1088q0 66-47 113t-113 47H160q-66 0-113-47T0 1504V416q0-66 47-113t113-47h1472q66 0 113 47t47 113z\"><\/path>\r\n    <\/svg><\/span><\/a>\r\n                          <\/div>\r\n                          <div data-colibri-id=\"41-c20\" class=\"h-global-transition-all h-heading style-422 style-local-41-c20 position-relative h-element\">\r\n                            <!---->\r\n                            <div class=\"h-heading__outer style-422 style-local-41-c20\">\r\n                              <!---->\r\n                              <!---->\r\n                              <h5 class=\"\">55 5687.7818 \/\r\n                                <br>55 5390.2222\r\n                                <br>\r\n                                <br>S\u00edganos en nuestras redes sociales<\/h5>\r\n                            <\/div>\r\n                          <\/div>\r\n                          <div data-colibri-id=\"41-c21\" class=\"style-423 style-local-41-c21 position-relative h-element\">\r\n                            <!---->\r\n                            <div class=\"d-flex flex-wrap h-social-icons justify-content-lg-center justify-content-md-center justify-content-center\">\r\n                              <div class=\"social-icon-container d-inline-flex\">\r\n                                <a href=\"https:\/\/www.facebook.com\/FileManagerMX\" h-use-smooth-scroll=\"true\">\r\n                                  <div class=\"icon-container h-social-icon h-global-transition\">\r\n                                    <div class=\"h-icon-svg\" style=\"width: 100%; height: 100%;\">\r\n                                      <!--Icon by Socicon (http:\/\/www.socicon.com)-->\r\n                                      <svg version=\"1.1\" xmlns=\"http:\/\/www.w3.org\/2000\/svg\" viewBox=\"0 0 1500 1500\">\r\n\r\n                                        <path d=\"M867.188 1500v-685.547h228.516l35.156-266.602h-263.672v-169.922c0-76.172 20.508-128.906 131.836-128.906h140.625v-237.305c-23.438-5.859-108.398-11.719-205.078-11.719-205.078 0-342.773 123.047-342.773 351.563v196.289h-231.445v266.602h231.445v685.547z\"><\/path>\r\n                                      <\/svg>\r\n                                    <\/div>\r\n                                  <\/div>\r\n                                <\/a>\r\n                              <\/div>\r\n                              <div class=\"social-icon-container d-inline-flex\">\r\n                                <a href=\"https:\/\/www.linkedin.com\/company\/file-manager-mx\/?viewAsMember=true\" h-use-smooth-scroll=\"true\">\r\n                                  <div class=\"icon-container h-social-icon h-global-transition\">\r\n                                    <div class=\"h-icon-svg\" style=\"width: 100%; height: 100%;\">\r\n                                      <!--Icon by Socicon (http:\/\/www.socicon.com)-->\r\n                                      <svg version=\"1.1\" xmlns=\"http:\/\/www.w3.org\/2000\/svg\" viewBox=\"0 0 1500 1500\">\r\n\r\n                                        <path d=\"M1122.070 767.578c-20.508-23.438-55.664-35.156-105.469-35.156-64.453 0-108.398 20.508-134.766 55.664-26.367 38.086-38.086 90.82-38.086 158.203v512.695c0 8.789-2.93 17.578-11.719 26.367-5.859 5.859-17.578 11.719-26.367 11.719h-269.531c-8.789 0-17.578-5.859-26.367-11.719-5.859-8.789-11.719-17.578-11.719-26.367v-946.289c0-8.789 5.859-17.578 11.719-26.367 8.789-5.859 17.578-11.719 26.367-11.719h260.742c8.789 0 17.578 2.93 23.438 5.859s8.789 11.719 11.719 20.508c0 8.789 2.93 17.578 2.93 20.508s0 11.719 0 23.438c67.383-64.453 158.203-93.75 266.602-93.75 125.977 0 222.656 29.297 292.969 90.82 70.313 64.453 105.469 155.273 105.469 278.32v638.672c0 8.789-2.93 17.578-11.719 26.367-5.859 5.859-17.578 11.719-26.367 11.719h-275.391c-8.789 0-17.578-5.859-26.367-11.719-5.859-8.789-11.719-17.578-11.719-26.367v-577.148c0-49.805-8.789-87.891-26.367-114.258zM310.547 313.477c-35.156 35.156-79.102 52.734-128.906 52.734s-93.75-17.578-128.906-52.734c-35.156-35.156-52.734-76.172-52.734-128.906 0-49.805 17.578-90.82 52.734-125.977s79.102-55.664 128.906-55.664c49.805 0 93.75 20.508 128.906 55.664s52.734 76.172 52.734 125.977c0 52.734-17.578 93.75-52.734 128.906zM354.492 512.695v946.289c0 8.789-5.859 17.578-11.719 26.367-8.789 5.859-17.578 11.719-26.367 11.719h-269.531c-8.789 0-17.578-5.859-26.367-11.719-5.859-8.789-11.719-17.578-11.719-26.367v-946.289c0-8.789 5.859-17.578 11.719-26.367 8.789-5.859 17.578-11.719 26.367-11.719h269.531c8.789 0 17.578 5.859 26.367 11.719 5.859 8.789 11.719 17.578 11.719 26.367z\"><\/path>\r\n                                      <\/svg>\r\n                                    <\/div>\r\n                                  <\/div>\r\n                                <\/a>\r\n                              <\/div>\r\n                              <div class=\"social-icon-container d-inline-flex\">\r\n                                <a href=\"https:\/\/wa.me\/5572437204\" h-use-smooth-scroll=\"true\">\r\n                                  <div class=\"icon-container h-social-icon h-global-transition\">\r\n                                    <div class=\"h-icon-svg\" style=\"width: 100%; height: 100%;\">\r\n                                      <!--Icon by Socicon (http:\/\/www.socicon.com)-->\r\n                                      <svg version=\"1.1\" xmlns=\"http:\/\/www.w3.org\/2000\/svg\" viewBox=\"0 0 1500 1500\">\r\n\r\n                                        <path d=\"M1280.273 216.797c-140.625-140.625-328.125-216.797-527.344-216.797-410.156 0-744.141 333.984-744.141 744.141 0 128.906 35.156 257.813 99.609 372.070l-105.469 383.789 395.508-102.539c108.398 58.594 228.516 90.82 354.492 90.82v0c0 0 0 0 0 0 410.156 0 744.141-333.984 744.141-744.141 0-199.219-76.172-386.719-216.797-527.344zM752.93 1362.305v0c-111.328 0-219.727-29.297-313.477-87.891l-23.438-11.719-234.375 61.523 61.523-228.516-14.648-23.438c-61.523-99.609-93.75-210.938-93.75-328.125 0-342.773 278.32-618.164 618.164-618.164 164.063 0 319.336 64.453 436.523 181.641s181.641 272.461 181.641 436.523c0 339.844-278.32 618.164-618.164 618.164zM1092.773 899.414c-20.508-8.789-111.328-55.664-128.906-61.523-14.648-5.859-29.297-8.789-41.016 8.789-11.719 20.508-46.875 61.523-58.594 73.242s-20.508 14.648-41.016 5.859c-17.578-8.789-76.172-29.297-149.414-93.75-52.734-46.875-90.82-108.398-102.539-128.906-11.719-17.578 0-26.367 8.789-38.086 8.789-5.859 17.578-20.508 26.367-32.227 11.719-8.789 14.648-17.578 20.508-29.297s2.93-23.438-2.93-32.227c-2.93-8.789-41.016-102.539-55.664-137.695-17.578-38.086-32.227-32.227-43.945-32.227-8.789 0-23.438 0-35.156 0s-32.227 2.93-49.805 20.508c-17.578 20.508-64.453 64.453-64.453 155.273 0 93.75 67.383 181.641 76.172 193.359s131.836 199.219 316.406 281.25c43.945 17.578 79.102 29.297 105.469 38.086 46.875 14.648 84.961 11.719 117.188 8.789 38.086-5.859 111.328-46.875 125.977-90.82 17.578-41.016 17.578-79.102 11.719-87.891-5.859-5.859-17.578-11.719-35.156-20.508z\"><\/path>\r\n                                      <\/svg>\r\n                                    <\/div>\r\n                                  <\/div>\r\n                                <\/a>\r\n                              <\/div>\r\n                            <\/div>\r\n                          <\/div>\r\n                        <\/div>\r\n                      <\/div>\r\n                    <\/div>\r\n                    <div class=\"h-column h-column-container d-flex h-col-lg-auto h-col-md-auto h-col-auto style-424-outer style-local-41-c22-outer\">\r\n                      <div data-colibri-id=\"41-c22\" class=\"d-flex h-flex-basis h-column__inner h-px-lg-0 h-px-md-0 h-px-0 v-inner-lg-0 v-inner-md-0 v-inner-0 style-424 style-local-41-c22 position-relative\">\r\n                        <!---->\r\n                        <!---->\r\n                        <div class=\"w-100 h-y-container h-column__content h-column__v-align flex-basis-100 align-self-lg-center align-self-md-center align-self-center\">\r\n                          <!---->\r\n                          <div data-colibri-id=\"41-c23\" class=\"style-425 style-local-41-c23 position-relative h-element\">\r\n                            <!---->\r\n                            <div class=\"h-global-transition-all h-global-transition h-global-transition-all h-contact-form-shortcode\">\n<div class=\"wpcf7 no-js\" id=\"wpcf7-f5-o1\" lang=\"en-US\" dir=\"ltr\" data-wpcf7-id=\"5\">\n<div class=\"screen-reader-response\"><p role=\"status\" aria-live=\"polite\" aria-atomic=\"true\"><\/p> <ul><\/ul><\/div>\n<form action=\"\/index.php\/wp-json\/wp\/v2\/pages\/41#wpcf7-f5-o1\" method=\"post\" class=\"wpcf7-form init\" aria-label=\"Contact form\" novalidate=\"novalidate\" data-status=\"init\">\n<fieldset class=\"hidden-fields-container\"><input type=\"hidden\" name=\"_wpcf7\" value=\"5\" \/><input type=\"hidden\" name=\"_wpcf7_version\" value=\"6.1.4\" \/><input type=\"hidden\" name=\"_wpcf7_locale\" value=\"en_US\" \/><input type=\"hidden\" name=\"_wpcf7_unit_tag\" value=\"wpcf7-f5-o1\" \/><input type=\"hidden\" name=\"_wpcf7_container_post\" value=\"0\" \/><input type=\"hidden\" name=\"_wpcf7_posted_data_hash\" value=\"\" \/><input type=\"hidden\" name=\"_wpcf7_recaptcha_response\" value=\"\" \/>\n<\/fieldset>\n<p><label> Nombre completo<br \/>\n<span class=\"wpcf7-form-control-wrap\" data-name=\"your-name\"><input size=\"40\" maxlength=\"400\" class=\"wpcf7-form-control wpcf7-text wpcf7-validates-as-required\" aria-required=\"true\" aria-invalid=\"false\" value=\"\" type=\"text\" name=\"your-name\" \/><\/span> <\/label>\n<\/p>\n<p><label> Email<br \/>\n<span class=\"wpcf7-form-control-wrap\" data-name=\"your-email\"><input size=\"40\" maxlength=\"400\" class=\"wpcf7-form-control wpcf7-email wpcf7-validates-as-required wpcf7-text wpcf7-validates-as-email\" aria-required=\"true\" aria-invalid=\"false\" value=\"\" type=\"email\" name=\"your-email\" \/><\/span> <\/label>\n<\/p>\n<p><label> Asunto<br \/>\n<span class=\"wpcf7-form-control-wrap\" data-name=\"your-subject\"><input size=\"40\" maxlength=\"400\" class=\"wpcf7-form-control wpcf7-text wpcf7-validates-as-required\" aria-required=\"true\" aria-invalid=\"false\" value=\"\" type=\"text\" name=\"your-subject\" \/><\/span> <\/label>\n<\/p>\n<p><label> Mensaje<br \/>\n<span class=\"wpcf7-form-control-wrap\" data-name=\"your-message\"><textarea cols=\"40\" rows=\"10\" maxlength=\"2000\" class=\"wpcf7-form-control wpcf7-textarea\" aria-invalid=\"false\" name=\"your-message\"><\/textarea><\/span> <\/label>\n<\/p>\n<p><input class=\"wpcf7-form-control wpcf7-submit has-spinner\" type=\"submit\" value=\"Env\u00edar\" \/>\n<\/p><div class=\"wpcf7-response-output\" aria-hidden=\"true\"><\/div>\n<\/form>\n<\/div>\n<\/div>\r\n                          <\/div>\r\n                        <\/div>\r\n                      <\/div>\r\n                    <\/div>\r\n                  <\/div>\r\n                <\/div>\r\n              <\/div>\r\n            <\/div>\r\n          <\/div>\r\n        <\/div>\r\n      <\/div>\r\n    <\/div>\r\n  <\/div>\r\n<\/div>","protected":false},"excerpt":{"rendered":"<p>Podemos resolver sus&nbsp;necesidades de administraci\u00f3n documental&nbsp; Perm\u00edtanos brindarle una propuesta a la medida de sus requerimientos Cont\u00c1ctenos 55 5687.7818 \/ 55 5390.2222 S\u00edganos en nuestras redes sociales<\/p>\n","protected":false},"author":2,"featured_media":0,"parent":0,"menu_order":0,"comment_status":"closed","ping_status":"closed","template":"page-templates\/full-width-page.php","meta":{"_joinchat":[],"footnotes":""},"class_list":["post-41","page","type-page","status-publish","hentry"],"_links":{"self":[{"href":"https:\/\/filemanager.mx\/index.php\/wp-json\/wp\/v2\/pages\/41","targetHints":{"allow":["GET"]}}],"collection":[{"href":"https:\/\/filemanager.mx\/index.php\/wp-json\/wp\/v2\/pages"}],"about":[{"href":"https:\/\/filemanager.mx\/index.php\/wp-json\/wp\/v2\/types\/page"}],"author":[{"embeddable":true,"href":"https:\/\/filemanager.mx\/index.php\/wp-json\/wp\/v2\/users\/2"}],"replies":[{"embeddable":true,"href":"https:\/\/filemanager.mx\/index.php\/wp-json\/wp\/v2\/comments?post=41"}],"version-history":[{"count":21,"href":"https:\/\/filemanager.mx\/index.php\/wp-json\/wp\/v2\/pages\/41\/revisions"}],"predecessor-version":[{"id":1297,"href":"https:\/\/filemanager.mx\/index.php\/wp-json\/wp\/v2\/pages\/41\/revisions\/1297"}],"wp:attachment":[{"href":"https:\/\/filemanager.mx\/index.php\/wp-json\/wp\/v2\/media?parent=41"}],"curies":[{"name":"wp","href":"https:\/\/api.w.org\/{rel}","templated":true}]}}