{"id":9,"date":"2018-03-14T22:21:38","date_gmt":"2018-03-14T22:21:38","guid":{"rendered":"http:\/\/filemanager.mx\/index.php\/one-page-express\/"},"modified":"2023-10-09T15:45:25","modified_gmt":"2023-10-09T15:45:25","slug":"one-page-express","status":"publish","type":"page","link":"https:\/\/filemanager.mx\/index.php\/one-page-express\/","title":{"rendered":"Front Page"},"content":{"rendered":"<div  class=\"features-coloured-icon-boxes-section\" id=\"overlapable-2\" style=\"background-color: rgb(255, 255, 255);\" data-id=\"stripped-coloured-icon-boxes\" data-overlap=\"true\" data-category=\"overlapable\" data-label=\"Overlapable\">\n<div  class=\"gridContainer\">\n<div  class=\"features-coloured-icon-boxes-innerrow flexbox-list dark-text\" data-type=\"row\">\n<div  class=\"features-coloured-icon-boxes-featurecol cp3cols\">\n<div  class=\"features-coloured-icon-boxes-iconcontainer\" data-content-item-container=\"true\"> <i  class=\"features-coloured-icon fa fa-tablet\" data-cp-fa=\"true\"><\/i> <\/div>\n<h4  class=\"\">DIGITALIZACI\u00d3N<\/h4>\n<p  class=\"\">Optimizamos el tiempo de sus procesos, simplificando y estandarizando el manejo de informaci\u00f3n&nbsp;<\/p>\n<p> <a  class=\"features-coloured-button\" href=\"https:\/\/filemanager.mx\/index.php\/digitalizacion\" target=\"_self\">LEER M\u00c1S<\/a> <\/div>\n<div  class=\"features-coloured-icon-boxes-featurecol cp3cols\">\n<div  class=\"features-coloured-icon-boxes-iconcontainer\" data-content-item-container=\"true\"> <i  class=\"features-coloured-icon fa fa-archive\" data-cp-fa=\"true\"><\/i> <\/div>\n<h4  class=\"\">RESGUARDO<\/h4>\n<p  class=\"\">Servicio orientado al cumplimiento de las pol\u00edticas de retenci\u00f3n promoviendo la continuidad de su negocio.<\/p>\n<p> <a  class=\"features-coloured-button\" href=\"https:\/\/filemanager.mx\/index.php\/resguardo\" target=\"_self\">LEER M\u00c1S<\/a> <\/div>\n<div  class=\"features-coloured-icon-boxes-featurecol cp3cols\">\n<div  class=\"features-coloured-icon-boxes-iconcontainer\" data-content-item-container=\"true\"> <i  class=\"features-coloured-icon fa fa-stack-overflow\" data-cp-fa=\"true\"><\/i> <\/div>\n<h4  class=\"\">ADMINISTRACI\u00d3N<\/h4>\n<p  class=\"\">Determinamos los procesos en los cuales es posible desempe\u00f1ar la funci\u00f3n de tercerizaci\u00f3n, con seguridad y garant\u00eda.&nbsp;<\/p>\n<p> <a  class=\"features-coloured-button\" href=\"https:\/\/filemanager.mx\/index.php\/administracion\" target=\"_self\">LEER M\u00c1S<\/a> <\/div>\n<\/p><\/div>\n<\/p><\/div>\n<\/div>\n<div  class=\"numbers-section\" id=\"numbers\" style=\"background-image: none; background-size: auto 794px; background-repeat: no-repeat; background-position: center top 23.7546%;\" data-id=\"numbers-section\" data-parallax-depth=\"20\" data-category=\"numbers\" data-label=\"Numbers\" data-bg=\"transparent\">\n<div  class=\"gridContainer dynamic-color\">\n<div  class=\"numbers-itemcol\">\n<h2  class=\"numbers-numbertext\"><\/h2>\n<h3  class=\"numbers-titletext\">CLIENTES NACIONALES E&nbsp; &nbsp;INTERNACIONALES<\/h3>\n<\/p><\/div>\n<div  class=\"numbers-itemcol\">\n<h2  class=\"numbers-numbertext\"><\/h2>\n<h3  class=\"numbers-titletext\">1,700 m2<br \/>\n<br >DE \u00c1REA<br \/>\n<br >DE CUSTODIA<\/h3>\n<\/p><\/div>\n<div  class=\"numbers-itemcol-last\">\n<h2  class=\"numbers-numbertext\"><\/h2>\n<h3  class=\"numbers-titletext\">EMPRESA CERTIFICADA EN ISO 9001 : 2015<\/h3>\n<\/p><\/div>\n<\/p><\/div>\n<\/div>\n<div  class=\"about-big-images-section\" id=\"about-1\" style=\"background-color: #f6f6f6;\" data-id=\"about-big-images-section\" data-category=\"about\" data-label=\"About\">\n<div  class=\"gridContainer\">\n<div  class=\"about-big-images-textrow\">\n<div  class=\"about-big-images-textcol dynamic-color\" data-type=\"column\">\n<h5  class=\"\">CONVERTIMOS LA INFORMACI\u00d3N EN<br >UNA HERRAMIENTA \u00daTIL PARA SU EMPRESA<\/h5>\n<h3  class=\"\"><span  class=\"span25\" href=\"#\">Somos especialistas en ofrecer e implementar servicios y soluciones de manejo de la informaci\u00f3n f\u00edsica y digital con procesos de alta calidad&nbsp;y eficiencia<\/span><\/h3>\n<p  class=\"\">Usted tendr\u00e1 siempre la certeza de que cuenta con un&nbsp;administrador documental que resguarda y administra su informaci\u00f3n de manera profesional<\/p>\n<p> <a  class=\"button blue big\" href=\"https:\/\/filemanager.mx\/index.php\/contacto\" target=\"_self\">CONT\u00c1CTENOS <\/a> <\/div>\n<\/p><\/div>\n<\/p><\/div>\n<div  class=\"about-big-images-bottomrow\">\n<div  class=\"about-big-images-leftimgcol\"><img decoding=\"async\"  class=\"about-big-images-leftimg\" src=\"https:\/\/filemanager.mx\/wp-content\/uploads\/2018\/03\/Scaner.jpg\"> <\/div>\n<div  class=\"about-big-images-centerimgcol\"><img decoding=\"async\"  class=\"about-big-images-centerimg\" src=\"https:\/\/filemanager.mx\/wp-content\/uploads\/2018\/03\/239.jpg\"> <\/div>\n<div  class=\"about-big-images-rightimgcol\"><img decoding=\"async\"  class=\"about-big-images-rightimg\" src=\"https:\/\/filemanager.mx\/wp-content\/uploads\/2018\/03\/Man-on-Laptop.jpg\"> <\/div>\n<\/p><\/div>\n<\/p><\/div>\n<div  class=\"content-left-image-section content-image-left\" id=\"content-3\" style=\"background-color: rgb(246, 246, 246);\" data-id=\"content-image-left\" data-category=\"content\" data-label=\"Content\">\n<div  class=\"gridContainer\">\n<div  class=\"row\">\n<div  class=\"content-left-image-imgcol\" data-type=\"column\"> <img decoding=\"async\"  src=\"https:\/\/filemanager.mx\/wp-content\/uploads\/2018\/03\/cropped-business_practice_preach_promo-opener.jpg\" class=\"\"> <\/div>\n<div  class=\"content-left-image-textcol dynamic-color\" data-type=\"column\">\n<h2  class=\"\">\u00bfCu\u00e1les son los beneficios de nuestros servicios?<\/h2>\n<p  class=\"large_text\">\u2022 Flexibilidad y confiabilidad<br >\u2022 Atenci\u00f3n personalizada<br >\u2022 Control de gastos y reducci\u00f3n de costos<br >\u2022 Respuesta inmediata a contingencias<br >\u2022 Estructura organizacional eficiente<br \/>\n<br >\u2022 Liberaci\u00f3n de espacios f\u00edsicos para crecimiento&nbsp;<br >\u2022 Privacidad, seguridad y confidencialidad<br \/>\n<br >\u2022 Mitigaci\u00f3n de riesgo por manipulaci\u00f3n de su informaci\u00f3n<br \/>\n<br >\u2022 Disponibilidad de su informaci\u00f3n en el momento preciso<br \/>\n<br >\u2022 Asertividad en la toma de decisiones<br \/>\n<br >\u2022 Continuidad de sus operaciones<\/p>\n<\/p><\/div>\n<\/p><\/div>\n<\/p><\/div>\n<\/p><\/div>\n<div  class=\"content-right-image-section content-image-right\" id=\"content-4\" style=\"background-color: rgb(246, 246, 246);\" data-id=\"content-image-right\" data-category=\"content\" data-label=\"Content\">\n<div  class=\"gridContainer\">\n<div  class=\"content-right-image-gridcol\">\n<div  class=\"content-right-image-textcol dynamic-color\" data-type=\"column\">\n<h2  class=\"\">Infraestructura<\/h2>\n<p  class=\"large_text\">\n\u2022 Recinto con paredes de mamposter\u00eda, techo met\u00e1lico, pisos de concreto, libre de humedad<br >\u2022\tRack\u00b4s met\u00e1licos tipo picking, antis\u00edsmicos y anclados a piso<br >\u2022\tEquipos de protecci\u00f3n contra incendios con extinguidores tipo PQS y agua y equipos detectores de humo<br >\u2022\tC\u00e1maras de monitoreo en circuito cerrado (CCTV),para vigilancia electr\u00f3nica las 24 horas del d\u00eda y alarma de acceso los 365 d\u00edas del a\u00f1o<br >\u2022 Equipo de transportaci\u00f3n terrestre propio y monitoreado con GPS satelital<br \/>\n<br >\u2022 Protecci\u00f3n perimetral, iluminaci\u00f3n y alarmas de p\u00e1nico&nbsp;<br \/>\n<br >\u2022 Instalaciones, equipos e informaci\u00f3n f\u00edsica propiedad del cliente est\u00e1n debidamente asegurados<\/p>\n<\/p><\/div>\n<div  class=\"content-right-image-imgcol\" data-type=\"column\"> <img decoding=\"async\"  src=\"https:\/\/filemanager.mx\/wp-content\/plugins\/one-page-express-companion\/theme-data\/one-page-express\/sections\/images\/project1.jpg\" class=\"\"> <\/div>\n<\/p><\/div>\n<\/p><\/div>\n<\/p><\/div>\n<div  class=\"blog-section\" id=\"latest-posts\" style=\"background-color: #ffffff;\" data-id=\"blog-section\" data-category=\"latest_news\" data-label=\"Latest posts\">\n<div  class=\"gridContainer\">\n<div  class=\"blog-textrow\">\n<div  class=\"blog-textcol dynamic-color\" data-type=\"column\">\n<h2  class=\"\">Ultimas noticias <\/h2>\n<\/p><\/div>\n<\/p><\/div>\n<div  class=\"blog-postsrow dark-text\" data-type=\"row\" data-content-shortcode=\"one_page_express_latest_news\" data-dynamic-columns=\"one_page_express_latest_news_columns\">[one_page_express_latest_news]<\/div>\n<div  class=\"blog-textcol\"> <a  class=\"button blue\" href=\"[one_page_express_blog_link]\" target=\"_self\" data-attr-shortcode=\"href:one_page_express_blog_link\">TODOS LOS POST<\/a> <\/div>\n<\/p><\/div>\n<\/div>\n<div  class=\"contact-section-formsection white-text\" id=\"contact-4\" style=\"background-image: none; background-size: auto 964px; background-repeat: no-repeat; background-position: center top 76.4904%;\" data-id=\"contact-section\" data-category=\"contact\" data-label=\"Contact\" data-bg=\"transparent\">\n<div  class=\"gridContainer\">\n<div  class=\"row_224\">\n<div  class=\"contact-textrow\">\n<div  class=\"contact-textcol dynamic-color\">\n<h2 >Cont\u00e1ctenos<\/h2>\n<p  class=\"white_text\">Queremos ayudarle a resolver sus necesidades de administraci\u00f3n documental, perm\u00edtanos atenderle.<\/p>\n<\/p><\/div>\n<\/p><\/div>\n<\/p><\/div>\n<div  class=\"contact-formcol\" data-content-shortcode=\"one_page_express_contact_form shortcode=&quot;contact-form-7 id=&amp;amp;quot;5&amp;amp;quot; title=&amp;amp;quot;Contact form 1&amp;amp;quot;&quot;\" data-editable=\"true\">[one_page_express_contact_form shortcode=&#8221;contact-form-7 id=&amp;quot;5&amp;quot; title=&amp;quot;Contact form 1&amp;quot;&#8221;]<\/div>\n<\/p><\/div>\n<\/div>\n<div  data-label=\"Call to action\" data-id=\"cta-blue-section\" data-category=\"cta\" class=\"cta-blue-section\" id=\"cta-1\">\n<div  class=\"gridContainer\">\n<div  class=\"flexbox-list flexbox-list-align-center row\">\n<div  class=\"cta-blue-textcol dynamic-color\">\n<h2  class=\"cta-blue-text\">Una empresa de&nbsp;&nbsp;<br >Hegewisch L\u00f3pez Consultores<\/h2>\n<\/p><\/div>\n<div  class=\"cta-blue-btncol\"> <a  class=\"button big yellow dark-text\" href=\"https:\/\/filemanager.mx\/index.php\/aviso-de-privacidad\" target=\"_self\"> AVISO DE PRIVACIDAD <\/a> <\/div>\n<\/p><\/div>\n<\/p><\/div>\n<\/p><\/div>\n<div  data-label=\"Features\" data-id=\"features-coloured-icon-boxes-section\" data-category=\"features\" class=\"features-coloured-icon-boxes-section\" id=\"features-1\" style=\"background-color: rgb(255, 255, 255);\">\n<div  class=\"gridContainer\">\n<div  class=\"features-coloured-icon-boxes-textrow\">\n<div  class=\"features-coloured-icon-boxes-textcol dynamic-color\" data-type=\"column\">\n<h2  class=\"\">\u00a1S\u00cdGANOS EN REDES SOCIALES!&nbsp;<\/h2>\n<p  class=\"\">Visite nuestras redes sociales y obtenga informaci\u00f3n sobre nuestros<br \/>\n<br >servicios y sobre todas las ventajas y beneficios que las soluciones que le ofrecemos pueden aportar a su empresa<\/p>\n<\/p><\/div>\n<\/p><\/div>\n<div  class=\"features-coloured-icon-boxes-innerrow flexbox-list dark-text\" data-type=\"row\">\n<div  class=\"features-coloured-icon-boxes-featurecol cp3cols cp6cols-tablet\">\n<div  class=\"features-coloured-icon-boxes-iconcontainer\" data-content-item-container=\"true\"> <i  data-cp-fa=\"true\" class=\"features-coloured-icon fa fa-facebook\"><\/i> <\/div>\n<p>   <a  class=\"features-coloured-button\" href=\"https:\/\/www.facebook.com\/profile.php?id=100088670778419\" target=\"_self\">Facebook<\/a> <\/div>\n<div  class=\"features-coloured-icon-boxes-featurecol cp3cols cp6cols-tablet\">\n<div  class=\"features-coloured-icon-boxes-iconcontainer\" data-content-item-container=\"true\"> <i  data-cp-fa=\"true\" class=\"features-coloured-icon fa fa-linkedin\"><\/i> <\/div>\n<p>   <a  class=\"features-coloured-button\" href=\"https:\/\/www.linkedin.com\/company\/91616712\/admin\" target=\"_self\">LinkedIn<\/a> <\/div>\n<div  class=\"features-coloured-icon-boxes-featurecol cp3cols cp6cols-tablet\">\n<div  class=\"features-coloured-icon-boxes-iconcontainer\" data-content-item-container=\"true\"> <i  data-cp-fa=\"true\" class=\"features-coloured-icon fa fa-map-marker\"><\/i> <\/div>\n<p>   <a  class=\"features-coloured-button\" href=\"https:\/\/www.google.com.mx\/maps\/place\/File+Manager+Digitalizaci%C3%B3n+y+Resguardo+de+Archivos\/@19.525376,-99.2024004,17z\/data=!4m12!1m6!3m5!1s0x85d21d52bb6758d3:0x426f0fddc6635183!2sFile+Manager+Digitalizaci%C3%B3n+y+Resguardo+de+Archivos!8m2!3d19.525376!4d-99.2002117!3m4!1s0x85d21d52bb6758d3:0x426f0fddc6635183!8m2!3d19.525376!4d-99.2002117\" target=\"_self\">Google Maps<\/a> <\/div>\n<\/div><\/div>\n<\/div>\n","protected":false},"excerpt":{"rendered":"<p>DIGITALIZACI\u00d3N Optimizamos el tiempo de sus procesos, simplificando y estandarizando el manejo de informaci\u00f3n&nbsp; LEER M\u00c1S RESGUARDO Servicio orientado al cumplimiento de las pol\u00edticas de retenci\u00f3n promoviendo la continuidad de su negocio. LEER M\u00c1S ADMINISTRACI\u00d3N Determinamos los procesos en los cuales es posible desempe\u00f1ar la funci\u00f3n de tercerizaci\u00f3n, con seguridad y garant\u00eda.&nbsp; LEER M\u00c1S CLIENTES [&hellip;]<\/p>\n","protected":false},"author":2,"featured_media":0,"parent":0,"menu_order":0,"comment_status":"closed","ping_status":"closed","template":"","meta":{"_joinchat":[],"footnotes":""},"class_list":["post-9","page","type-page","status-publish","hentry"],"_links":{"self":[{"href":"https:\/\/filemanager.mx\/index.php\/wp-json\/wp\/v2\/pages\/9","targetHints":{"allow":["GET"]}}],"collection":[{"href":"https:\/\/filemanager.mx\/index.php\/wp-json\/wp\/v2\/pages"}],"about":[{"href":"https:\/\/filemanager.mx\/index.php\/wp-json\/wp\/v2\/types\/page"}],"author":[{"embeddable":true,"href":"https:\/\/filemanager.mx\/index.php\/wp-json\/wp\/v2\/users\/2"}],"replies":[{"embeddable":true,"href":"https:\/\/filemanager.mx\/index.php\/wp-json\/wp\/v2\/comments?post=9"}],"version-history":[{"count":66,"href":"https:\/\/filemanager.mx\/index.php\/wp-json\/wp\/v2\/pages\/9\/revisions"}],"predecessor-version":[{"id":322,"href":"https:\/\/filemanager.mx\/index.php\/wp-json\/wp\/v2\/pages\/9\/revisions\/322"}],"wp:attachment":[{"href":"https:\/\/filemanager.mx\/index.php\/wp-json\/wp\/v2\/media?parent=9"}],"curies":[{"name":"wp","href":"https:\/\/api.w.org\/{rel}","templated":true}]}}